{"id":3868,"date":"2024-10-03T20:30:39","date_gmt":"2024-10-03T20:30:39","guid":{"rendered":"https:\/\/arcovara.com\/%d1%81%d1%82%d0%b0%d1%82%d1%83%d1%82%d1%8b\/"},"modified":"2024-11-28T12:54:18","modified_gmt":"2024-11-28T12:54:18","slug":"statuty","status":"publish","type":"page","link":"https:\/\/arcovara.com\/ru\/statuty\/","title":{"rendered":"\u0423\u0441\u0442\u0430\u0432"},"content":{"rendered":"\r\n<section class=\"block title-block\">\r\n    <div class=\"container\">\r\n        <div class=\"title-block__content\">\r\n            <h1 class=\"title title-red\">\r\n                Arco Vara AS P\u00f5hikiri            <\/h1>\r\n            <p>\r\n                Kinnitatud aktsion\u00e4ride korralise \u00fcldkoosoleku otsusega 30. aprillil 2020.            <\/p>\r\n        <\/div>\r\n        \r\n    <\/div>\r\n<\/section>\n\n\r\n<section class=\"block pohikiri\">\r\n    <div class=\"container\">\r\n        <div class=\"pohikiri__content\">\r\n            <h3><span style=\"color: #933333\">I \u00c4RINIMI JA ASUKOHT<\/span><\/h3>\n<p>1.1. Aktsiaseltsi (edaspidi \u201cSeltsi\u201d) \u00e4rinimeks on Arco Vara AS.<\/p>\n<p>1.2. Seltsi asukohaks on Eesti Vabariik, Tallinn.<\/p>\n<h3><span style=\"color: #933333\">II AKTSIAKAPITAL JA AKTSIAD<\/span><\/h3>\n<p>2.1. Seltsi aktsiakapitali miinimumsuurus on 2 500 000 eurot ja maksimaalsuurus on 10 000 000 eurot.<\/p>\n<p>2.2. K\u00e4esoleva p\u00f5hikirja punktis 2.1 s\u00e4testatud miinimum- ja maksimumsuuruse piirides v\u00f5ib Seltsi aktsiakapitali suurendada ja v\u00e4hendada k\u00e4esolevat p\u00f5hikirja muutmata.<\/p>\n<p>2.3. Seltsil on \u00fchte liiki nimelised aktsiad nimiv\u00e4\u00e4rtusega 70 senti iga aktsia, millest iga\u00fcks annab Seltsi aktsion\u00e4rile 1 (\u00fche) h\u00e4\u00e4le. Aktsiate kohta aktsiat\u00e4hte v\u00e4lja ei anta. Aktsia annab aktsion\u00e4rile \u00f5iguse osaleda aktsion\u00e4ride \u00fcldkoosolekul ning kasumi ja Seltsi l\u00f5petamisel Seltsi allesj\u00e4\u00e4nud vara jaotamisel, samuti muud seaduses ja p\u00f5hikirjas etten\u00e4htud \u00f5igused.<\/p>\n<p>2.4. Aktsiakapitali suurendamise ja v\u00e4hendamise otsustab aktsion\u00e4ride \u00fcldkoosolek. \u00dcldkoosoleku otsus aktsiakapitali suurendamise v\u00f5i v\u00e4hendamise kohta on vastu v\u00f5etud, kui selle poolt on antud v\u00e4hemalt 2\/3 \u00fcldkoosolekul esindatud h\u00e4\u00e4ltest.<\/p>\n<p>2.5. Aktsiakapitali suurendamisel on aktsion\u00e4ridel ees\u00f5igus m\u00e4rkida uusi aktsiaid v\u00f5rdeliselt oma aktsiate nimiv\u00e4\u00e4rtuste summaga. Aktsion\u00e4ride ees\u00f5iguse v\u00f5ib v\u00e4listada \u00fcldkoosoleku otsusega, mille poolt on antud v\u00e4hemalt 3\/4 \u00fcldkoosolekul esindatud h\u00e4\u00e4ltest.<\/p>\n<p>2.6. Sissemaksed Seltsi aktsiakapitali v\u00f5ivad olla nii rahalises kui ka mitterahalises vormis. Mitterahalise sissemakse v\u00e4\u00e4rtuse hindab Seltsi juhatus, v\u00f5ttes aluseks mitterahalise sissemakse esemeks oleva asja v\u00f5i \u00f5iguse hariliku v\u00e4\u00e4rtuse. Kui mitterahalise sissemakse eseme hindamiseks on olemas \u00fcldiselt tunnustatud eksperdid, tuleb mitterahalise sissemakse ese lasta hinnata neil. Mitterahalise sissemakse v\u00e4\u00e4rtuse hindamist kontrollib audiitor.<\/p>\n<p>2.7. Aktsion\u00e4ril on \u00f5igus oma aktsiaid vabalt v\u00f5\u00f5randada. Aktsiate v\u00f5\u00f5randamisel kolmandatele isikutele ostuees\u00f5igust ei ole.<\/p>\n<p>2.8. Aktsion\u00e4ril on \u00f5igus aktsiat pantida. Aktsia pantimiseks on vajalik kirjalik k\u00e4sutustehing pandi seadmise kohta ja pantimise kohta m\u00e4rke tegemine Eesti v\u00e4\u00e4rtpaberite keskregistrisse.<\/p>\n<p>2.9. Reservkapitali suurus on 1\/10 Seltsi aktsiakapitalist, kui seadus ei s\u00e4testa teisiti.<\/p>\n<p>2.10. Selts v\u00f5ib emiteerida \u00fcldkoosoleku otsusel vahetusv\u00f5lakirju, mille omanikul on \u00f5igus vahetada v\u00f5lakiri aktsia vastu v\u00f5lakirjas etten\u00e4htud tingimustel.<\/p>\n<h3><span style=\"color: #933333\">III AKTSION\u00c4RIDE \u00dcLDKOOSOLEK<\/span><\/h3>\n<p>3.1. Seltsi k\u00f5rgeimaks juhtorganiks on aktsion\u00e4ride \u00fcldkoosolek.<\/p>\n<p>3.2. Aktsion\u00e4ride korraline \u00fcldkoosolek kutsutakse kokku v\u00e4hemalt kord aastas kuue kuu jooksul Seltsi majandusaasta l\u00f5ppemisest. Korralisest \u00fcldkoosolekust peab aktsion\u00e4ridele ette teatama v\u00e4hemalt kolm n\u00e4dalat.<\/p>\n<p>3.3. Erakorraline \u00fcldkoosolek kutsutakse kokku, kui Seltsi juhatus peab seda vajalikuks v\u00f5i kui seda n\u00f5uab Seltsi n\u00f5ukogu, audiitor v\u00f5i aktsion\u00e4rid, kelle aktsiatega on esindatud v\u00e4hemalt 1\/20 aktsiakapitalist, samuti muudel seaduses s\u00e4testatud juhtudel. Erakorralise \u00fcldkoosoleku kokkukutsumise n\u00f5ue tuleb esitada Seltsi juhatusele kirjalikult, n\u00e4idates \u00e4ra kokkukutsumise p\u00f5hjuse. Erakorralisest \u00fcldkoosolekust tuleb aktsion\u00e4ridele ette teatada v\u00e4hemalt kolm n\u00e4dalat.<\/p>\n<p>3.4. \u00dcldkoosoleku toimumise teate saadab juhatus k\u00f5igile aktsion\u00e4ridele \u00f5igusaktidega etten\u00e4htud korras. Kui Seltsil on \u00fcle 50 aktsion\u00e4ri, ei pea aktsion\u00e4ridele teateid saatma, kuid \u00fcldkoosoleku toimumise teade tuleb avaldada v\u00e4hemalt \u00fches \u00fcleriigilise levikuga p\u00e4evalehes.<\/p>\n<p>3.5. \u00dcldkoosoleku teade peab sisaldama \u00fcldkoosoleku p\u00e4evakorra ja muud \u00f5igusaktidega etten\u00e4htud teavet.<\/p>\n<p>3.6. \u00dcldkoosolekul osalemiseks \u00f5igustatud aktsion\u00e4ride ring m\u00e4\u00e4ratakse seisuga seitse p\u00e4eva enne \u00fcldkoosoleku toimumist.<\/p>\n<p>3.7. \u00dcldkoosoleku p\u00e4devuses on:<\/p>\n<p>3.7.1. p\u00f5hikirja muutmine;<\/p>\n<p>3.7.2. aktsiakapitali suurendamine ja v\u00e4hendamine;<\/p>\n<p>3.7.3. vahetusv\u00f5lakirjade emiteerimine;<\/p>\n<p>3.7.4. n\u00f5ukogu liikmete valimine ja tagasikutsumine ning nende tasustamise korraning tasu suuruse m\u00e4\u00e4ramine;<\/p>\n<p>3.7.5. audiitori(te) valimine ja nende tasustamise otsustamine;<\/p>\n<p>3.7.6. erikontrolli m\u00e4\u00e4ramine;<\/p>\n<p>3.7.7. majandusaasta aruande kinnitamine ja kasumi jaotamine;<\/p>\n<p>3.7.8. Seltsi l\u00f5petamise, \u00fchinemise, jagunemise ja \u00fcmberkujundamise otsustamine;<\/p>\n<p>3.7.9. N\u00f5ukogu liikmega tehingu tegemise otsustamine, tehingu tingimuste m\u00e4\u00e4ramine,<br \/>\n\u00f5igusvaidluse pidamise otsustamine ning selles tehingus v\u00f5i vaidluses Seltsi esindaja m\u00e4\u00e4ramine;<\/p>\n<p>3.7.10. muude \u00f5igusaktidega \u00fcldkoosoleku p\u00e4devusse antud k\u00fcsimuste otsustamine.<\/p>\n<p>3.8. \u00dcldkoosolek on otsustusv\u00f5imeline, kui sellel on esindatud \u00fcle poole aktsiatega m\u00e4\u00e4ratud h\u00e4\u00e4ltest.<\/p>\n<p>3.9. Kui \u00fcldkoosolekul ei ole esindatud n\u00f5utav arv h\u00e4\u00e4li, kutsub juhatus 3 (kolme) n\u00e4dala jooksul, kuid mitte varem kui 7 (seitsme) p\u00e4eva p\u00e4rast kokku uue \u00fcldkoosoleku sama p\u00e4evakorraga. Teistkordselt kokkukutsutud \u00fcldkoosolek on p\u00e4dev otsuseid vastu v\u00f5tma, olenemata koosolekul esindatud h\u00e4\u00e4lte arvust.<\/p>\n<p>3.10. \u00dcldkoosoleku otsus on vastu v\u00f5etud, kui selle poolt antakse \u00fcle poole \u00fcldkoosolekul esindatud h\u00e4\u00e4ltest, kui seaduse v\u00f5i k\u00e4esoleva p\u00f5hikirja teiste s\u00e4tetega ei ole ette n\u00e4htud suurema h\u00e4\u00e4lteenamuse n\u00f5uet.<\/p>\n<p>3.11. Aktsion\u00e4rid v\u00f5ivad \u00fcldkoosolekust osa v\u00f5tta ja teostada oma \u00f5igusi elektrooniliste vahendite abil ilma \u00fcldkoosolekul f\u00fc\u00fcsiliselt kohal olemata ja esindajat m\u00e4\u00e4ramata. Elektroonilise osav\u00f5tu ja h\u00e4\u00e4letamise korra m\u00e4\u00e4rab juhatus koosk\u00f5las kehtivate \u00f5igusaktidega.<\/p>\n<h3><span style=\"color: #933333\">IV JUHATUS<\/span><\/h3>\n<p>4.1. Seltsi juhatusel on 1 (\u00fcks) kuni 5 (viis) liiget, kes valitakse ametisse kolmeks aastaks. Lubatud on juhatuse liikmete korduv valimine.<\/p>\n<p>4.2. Juhatuse liikmed valib ja kutsub tagasi n\u00f5ukogu. Juhatuse liikme valimiseks on vajalik tema<br \/>\nn\u00f5usolek.<\/p>\n<p>4.3. Kui juhatusel on \u00fcle 2 (kahe) liikme, m\u00e4\u00e4rab juhatuse esimehe n\u00f5ukogu oma otsusega.<\/p>\n<p>4.4. Juhatuse liikme vastutusvaldkond, t\u00f6\u00f6\u00fclesanded ning muud \u00f5igused ja kohustused v\u00f5idakse t\u00e4psemalt m\u00e4\u00e4rata temaga s\u00f5lmitavas lepingus.<\/p>\n<p>4.5. Seltsi v\u00f5ib esindada k\u00f5igis \u00f5igustoimingutes ainuisikuliselt juhatuse esimees v\u00f5i mis tahes kaks muud juhatuse liiget \u00fchiselt. Juhatuse liikme \u00f5igust Seltsi esindada v\u00f5ib t\u00e4iendavalt piirata n\u00f5ukogu otsusega.<\/p>\n<p>4.6. N\u00f5ukogu n\u00f5usolek on Juhatusele vajalik \u00fcksnes allj\u00e4rgnevate tehingute ja toimingute tegemiseks:<\/p>\n<p>(i) osaluse omandamine ja l\u00f5ppemine teistes \u00e4ri\u00fchingutes;<\/p>\n<p>(ii) t\u00fctarettev\u00f5tja asutamine v\u00f5i l\u00f5petamine;<\/p>\n<p>(iii) Seltsi tegevusstrateegia kinnitamine ja muutmine;<\/p>\n<p>(iv) olulised muudatused Seltsi tegevuses v\u00f5i Seltsi kaasamine \u00e4ritegevusse, mis ei ole seotud Seltsi senise majandustegevuse eesm\u00e4rkidega.<\/p>\n<p>4.7. Juhatuse liige ei v\u00f5ta osa h\u00e4\u00e4letamisest, kui otsustatakse n\u00f5usoleku andmist Tehingu tegemiseks Seltsi ja juhatuse liikme vahel, samuti Seltsi ja juriidilise isiku vahel, milles juhatuse liikmel v\u00f5i tema l\u00e4hikondsel on oluline osalus.<\/p>\n<p>4.8. Juhatuse koosolekud protokollitakse.<\/p>\n<p>4.9. Juhatuse t\u00e4psema t\u00f6\u00f6korralduse kinnitab juhatus oma otsusega.<\/p>\n<h3><span style=\"color: #933333\">V N\u00d5UKOGU<\/span><\/h3>\n<p>5.1. Seltsi n\u00f5ukogul on 5 (viis) kuni 7 (seitse) liiget.<\/p>\n<p>5.2. N\u00f5ukogu volituste t\u00e4htaeg on 5 (viis) aastat.<\/p>\n<p>5.3. N\u00f5ukogu liikmed valib ja kutsub tagasi \u00fcldkoosolek. N\u00f5ukogu liikme valimiseks peab olema<br \/>\ntema kirjalik n\u00f5usolek.<\/p>\n<p>5.4. N\u00f5ukogu liikmed valivad endi hulgast esimehe, kes korraldab n\u00f5ukogu tegevust.<\/p>\n<p>5.5. N\u00f5ukogu koosolekud toimuvad vastavalt vajadusele, kuid mitte harvem kui \u00fcks kord kolme kuu jooksul. N\u00f5ukogu koosolekud kutsub kokku n\u00f5ukogu esimees v\u00f5i teda asendav n\u00f5ukogu liige. N\u00f5ukogu koosoleku toimumisest ja p\u00e4evakorrast tuleb ette teatada v\u00e4hemalt kolm p\u00e4eva.<\/p>\n<p>5.6. N\u00f5ukogu koosolek on otsustusv\u00f5imeline, kui sellest v\u00f5tab osa \u00fcle poole n\u00f5ukogu liikmetest. N\u00f5ukogu koosolek protokollitakse ning sellele kirjutavad alla koosoleku juhataja, protokollija ja k\u00f5ik koosolekul osalenud n\u00f5ukogu liikmed.<\/p>\n<p>5.7. N\u00f5ukogu otsus on vastu v\u00f5etud, kui selle poolt h\u00e4\u00e4letas \u00fcle poole koosolekul osalenud n\u00f5ukogu liikmetest. N\u00f5ukogul on \u00f5igus otsuseid vastu v\u00f5tta koosolekut kokku kutsumata, kui sellega on n\u00f5us k\u00f5ik n\u00f5ukogu liikmed. Otsused, mis on tehtud koosolekut kokku kutsumata, loetakse vastuv\u00f5etuks, kui k\u00f5ik n\u00f5ukogu liikmed otsusega n\u00f5ustuvad.<\/p>\n<p>5.8. N\u00f5ukogu p\u00e4devuses on:<\/p>\n<p>5.8.1. aastaeelarve ja riskijuhtimise p\u00f5him\u00f5tete kinnitamine;<\/p>\n<p>5.8.2. p\u00f5hikirja punktis 4.6. k\u00fcsimuste otsustamine ja selles punktis s\u00e4testatud tehingute ja toimingute tegemiseks juhatusele n\u00f5usoleku andmine;<\/p>\n<p>5.8.3. prokuristi nimetamine ja tagasikutsumine;<\/p>\n<p>5.8.4. Seltsi juhatuse liikmetega tehingute tegemise ja tehingute tingimuste, samuti \u00f5igusvaidluste pidamise otsustamine ning nende tehingute tegemiseks ja \u00f5igusvaidluste pidamiseks Seltsi esindaja m\u00e4\u00e4ramine.<\/p>\n<h3><span style=\"color: #933333\">VI ARUANDLUS JA DIVIDENDID<\/span><\/h3>\n<p>6.1. Seltsi majandusaasta algab 1. jaanuaril ja l\u00f5peb 31. detsembril.<\/p>\n<p>6.2. Juhatus koostab ja esitab majandusaasta aruande koos audiitori j\u00e4reldusotsuse ning kasumi jaotamise ettepanekuga aktsion\u00e4ride \u00fcldkoosolekule vastavalt kehtivatele \u00f5igusaktidele.<\/p>\n<p>6.3. Kasumi jaotamise otsuse v\u00f5tab vastu \u00fcldkoosolek kinnitatud raamatupidamise aastaaruande alusel.<\/p>\n<p>6.4. Aktsion\u00e4ride \u00fcldkoosolek v\u00f5ib otsustada Seltsi juhtimise v\u00f5i varalise seisundiga seotud k\u00fcsimustes erikontrolli korraldamise vastavalt \u00e4riseadustikule.<\/p>\n<p>6.5. N\u00f5ukogu n\u00f5usolekul v\u00f5ib Seltsi juhatus teha aktsion\u00e4ridele p\u00e4rast majandusaasta m\u00f6\u00f6dumist ja enne majandusaasta aruande kinnitamist ettemakseid eeldatava kasumi arvel kuni poole ulatuses summast, mida v\u00f5ib aktsion\u00e4ride vahel jaotada.<\/p>\n        <\/div>\r\n    <\/div>\r\n<\/section>","protected":false},"excerpt":{"rendered":"","protected":false},"author":2,"featured_media":0,"parent":0,"menu_order":0,"comment_status":"closed","ping_status":"closed","template":"","meta":{"_acf_changed":false,"inline_featured_image":false,"footnotes":""},"class_list":["post-3868","page","type-page","status-publish","hentry"],"acf":[],"yoast_head":"<!-- This site is optimized with the Yoast SEO plugin v27.4 - https:\/\/yoast.com\/product\/yoast-seo-wordpress\/ -->\n<title>\u0423\u0441\u0442\u0430\u0432 - Arco Vara<\/title>\n<meta name=\"robots\" content=\"index, follow, max-snippet:-1, max-image-preview:large, max-video-preview:-1\" \/>\n<link rel=\"canonical\" href=\"https:\/\/arcovara.com\/ru\/statuty\/\" \/>\n<meta property=\"og:locale\" content=\"ru_RU\" \/>\n<meta property=\"og:type\" content=\"article\" \/>\n<meta property=\"og:title\" content=\"\u0423\u0441\u0442\u0430\u0432 - Arco Vara\" \/>\n<meta property=\"og:url\" content=\"https:\/\/arcovara.com\/ru\/statuty\/\" \/>\n<meta property=\"og:site_name\" content=\"Arco Vara\" \/>\n<meta property=\"article:modified_time\" content=\"2024-11-28T12:54:18+00:00\" \/>\n<meta name=\"twitter:card\" content=\"summary_large_image\" \/>\n<script type=\"application\/ld+json\" class=\"yoast-schema-graph\">{\"@context\":\"https:\\\/\\\/schema.org\",\"@graph\":[{\"@type\":\"WebPage\",\"@id\":\"https:\\\/\\\/arcovara.com\\\/ru\\\/statuty\\\/\",\"url\":\"https:\\\/\\\/arcovara.com\\\/ru\\\/statuty\\\/\",\"name\":\"\u0423\u0441\u0442\u0430\u0432 - Arco Vara\",\"isPartOf\":{\"@id\":\"https:\\\/\\\/arcovara.com\\\/#website\"},\"datePublished\":\"2024-10-03T20:30:39+00:00\",\"dateModified\":\"2024-11-28T12:54:18+00:00\",\"breadcrumb\":{\"@id\":\"https:\\\/\\\/arcovara.com\\\/ru\\\/statuty\\\/#breadcrumb\"},\"inLanguage\":\"ru-RU\",\"potentialAction\":[{\"@type\":\"ReadAction\",\"target\":[\"https:\\\/\\\/arcovara.com\\\/ru\\\/statuty\\\/\"]}]},{\"@type\":\"BreadcrumbList\",\"@id\":\"https:\\\/\\\/arcovara.com\\\/ru\\\/statuty\\\/#breadcrumb\",\"itemListElement\":[{\"@type\":\"ListItem\",\"position\":1,\"name\":\"Home\",\"item\":\"https:\\\/\\\/arcovara.com\\\/ru\\\/\"},{\"@type\":\"ListItem\",\"position\":2,\"name\":\"\u0423\u0441\u0442\u0430\u0432\"}]},{\"@type\":\"WebSite\",\"@id\":\"https:\\\/\\\/arcovara.com\\\/#website\",\"url\":\"https:\\\/\\\/arcovara.com\\\/\",\"name\":\"Arco Vara\",\"description\":\"\",\"potentialAction\":[{\"@type\":\"SearchAction\",\"target\":{\"@type\":\"EntryPoint\",\"urlTemplate\":\"https:\\\/\\\/arcovara.com\\\/?s={search_term_string}\"},\"query-input\":{\"@type\":\"PropertyValueSpecification\",\"valueRequired\":true,\"valueName\":\"search_term_string\"}}],\"inLanguage\":\"ru-RU\"}]}<\/script>\n<!-- \/ Yoast SEO plugin. -->","yoast_head_json":{"title":"\u0423\u0441\u0442\u0430\u0432 - Arco Vara","robots":{"index":"index","follow":"follow","max-snippet":"max-snippet:-1","max-image-preview":"max-image-preview:large","max-video-preview":"max-video-preview:-1"},"canonical":"https:\/\/arcovara.com\/ru\/statuty\/","og_locale":"ru_RU","og_type":"article","og_title":"\u0423\u0441\u0442\u0430\u0432 - Arco Vara","og_url":"https:\/\/arcovara.com\/ru\/statuty\/","og_site_name":"Arco Vara","article_modified_time":"2024-11-28T12:54:18+00:00","twitter_card":"summary_large_image","schema":{"@context":"https:\/\/schema.org","@graph":[{"@type":"WebPage","@id":"https:\/\/arcovara.com\/ru\/statuty\/","url":"https:\/\/arcovara.com\/ru\/statuty\/","name":"\u0423\u0441\u0442\u0430\u0432 - Arco Vara","isPartOf":{"@id":"https:\/\/arcovara.com\/#website"},"datePublished":"2024-10-03T20:30:39+00:00","dateModified":"2024-11-28T12:54:18+00:00","breadcrumb":{"@id":"https:\/\/arcovara.com\/ru\/statuty\/#breadcrumb"},"inLanguage":"ru-RU","potentialAction":[{"@type":"ReadAction","target":["https:\/\/arcovara.com\/ru\/statuty\/"]}]},{"@type":"BreadcrumbList","@id":"https:\/\/arcovara.com\/ru\/statuty\/#breadcrumb","itemListElement":[{"@type":"ListItem","position":1,"name":"Home","item":"https:\/\/arcovara.com\/ru\/"},{"@type":"ListItem","position":2,"name":"\u0423\u0441\u0442\u0430\u0432"}]},{"@type":"WebSite","@id":"https:\/\/arcovara.com\/#website","url":"https:\/\/arcovara.com\/","name":"Arco Vara","description":"","potentialAction":[{"@type":"SearchAction","target":{"@type":"EntryPoint","urlTemplate":"https:\/\/arcovara.com\/?s={search_term_string}"},"query-input":{"@type":"PropertyValueSpecification","valueRequired":true,"valueName":"search_term_string"}}],"inLanguage":"ru-RU"}]}},"_links":{"self":[{"href":"https:\/\/arcovara.com\/ru\/wp-json\/wp\/v2\/pages\/3868","targetHints":{"allow":["GET"]}}],"collection":[{"href":"https:\/\/arcovara.com\/ru\/wp-json\/wp\/v2\/pages"}],"about":[{"href":"https:\/\/arcovara.com\/ru\/wp-json\/wp\/v2\/types\/page"}],"author":[{"embeddable":true,"href":"https:\/\/arcovara.com\/ru\/wp-json\/wp\/v2\/users\/2"}],"replies":[{"embeddable":true,"href":"https:\/\/arcovara.com\/ru\/wp-json\/wp\/v2\/comments?post=3868"}],"version-history":[{"count":2,"href":"https:\/\/arcovara.com\/ru\/wp-json\/wp\/v2\/pages\/3868\/revisions"}],"predecessor-version":[{"id":4265,"href":"https:\/\/arcovara.com\/ru\/wp-json\/wp\/v2\/pages\/3868\/revisions\/4265"}],"wp:attachment":[{"href":"https:\/\/arcovara.com\/ru\/wp-json\/wp\/v2\/media?parent=3868"}],"curies":[{"name":"wp","href":"https:\/\/api.w.org\/{rel}","templated":true}]}}