{"id":2715,"date":"2024-10-31T14:50:28","date_gmt":"2024-10-31T14:50:28","guid":{"rendered":"https:\/\/arcovara.com\/andmekaitsetingimused\/"},"modified":"2024-10-31T14:50:28","modified_gmt":"2024-10-31T14:50:28","slug":"andmekaitsetingimused","status":"publish","type":"page","link":"https:\/\/arcovara.com\/en\/andmekaitsetingimused\/","title":{"rendered":"Andmekaitsetingimused"},"content":{"rendered":"\r\n<section class=\"block title-block\">\r\n    <div class=\"container\">\r\n        <div class=\"title-block__content\">\r\n            <h1 class=\"title title-red\">\r\n                Andmekaitsetingimused            <\/h1>\r\n            <p>\r\n                            <\/p>\r\n        <\/div>\r\n        \r\n    <\/div>\r\n<\/section>\n\n<div class=\"block block-list gutters\">\n<ol class=\"wp-block-list\">\n<li>K\u00e4esolevad privaatsustingimused (edaspidi: <strong>Andmekaitsetingimused<\/strong>) kehtivad k\u00f5ikidel juhtudel, mil Arco Vara AS (edaspidi: <strong>Arco<\/strong>) t\u00f6\u00f6tleb f\u00fc\u00fcsiliste isikute (edaspidi: <strong>Klient<\/strong>) isikuandmeid.<\/li>\n\n\n\n<li>Arcol on \u00f5igus \u00fchepoolselt Kasutustingimusi muuta ja t\u00e4iendada. Kasutustingimuste muudatustest teavitatakse Kliente e-posti teel (juhul kui Arcol on Kliendi e-postiaadress olemas).<\/li>\n<\/ol>\n<\/div>\n\n<div class=\"block block-heading gutters\">\n<h5 class=\"wp-block-heading\">Vastutav t\u00f6\u00f6tleja ja andmekaitse ametnik<\/h5>\n<\/div>\n\n<div class=\"block block-list gutters\">\n<ol start=\"3\" class=\"wp-block-list\">\n<li>Kliendi isikuandmete vastutav t\u00f6\u00f6tleja on Arco Vara AS, registrikoodiga 10261718, aadressiga Harju maakond, Tallinn, Kesklinna linnaosa, Maakri tn 30, 10145.<\/li>\n\n\n\n<li>K\u00f5ikides Privaatsustingimuste ja isikuandmete t\u00f6\u00f6tlemisega seonduvates k\u00fcsimustes annab Klientidele selgitusi ning t\u00e4iendavat teavet Arco andmekaitseametnik.<\/li>\n\n\n\n<li>Andmekaitseametnikuga kontakteerumiseks peab Klient edastama p\u00e4ringu e-kirjaga aadressile <a href=\"mailto:info@arcovara.com\">info@arcovara.com<\/a>.<\/li>\n<\/ol>\n<\/div>\n\n<div class=\"block block-heading gutters\">\n<h5 class=\"wp-block-heading\">Isikuandmete t\u00f6\u00f6tlemise p\u00f5him\u00f5tted<\/h5>\n<\/div>\n\n<div class=\"block block-list gutters\">\n<ol start=\"6\" class=\"wp-block-list\">\n<li>Arco t\u00f6\u00f6tleb Kliendi esitatud isikuandmeid koosk\u00f5las kohalduvas \u00f5iguses kehtestatud n\u00f5uetega ning l\u00e4htub isikuandmete t\u00f6\u00f6tlemisel alati Kliendi huvidest, \u00f5igustest ja vabadustest.<\/li>\n\n\n\n<li>Arco eesm\u00e4rgiks on vastutustundlik isikuandmete t\u00f6\u00f6tlemine, mille puhul l\u00e4htutakse parimast praktikast, pidades silmas, et alati ollakse valmis demonstreerima isikuandmete t\u00f6\u00f6tlemise vastavust seatud eesm\u00e4rkidele.<\/li>\n\n\n\n<li>Arco k\u00f5ik isikuandmete t\u00f6\u00f6tlemisega seonduvad protsessid, juhendid, toimingud ja tegevused l\u00e4htuvad j\u00e4rgnevatest p\u00f5him\u00f5tetest:<\/li>\n<\/ol>\n<\/div>\n\n<div class=\"block block-list gutters\">\n<ul class=\"wp-block-list\">\n<li>isikuandmete t\u00f6\u00f6tlemise puhul on olemas selleks seadusest tulenev alus, n\u00e4iteks n\u00f5usolek;<\/li>\n\n\n\n<li><strong>\u00d5iglus.<\/strong> Isikuandmete t\u00f6\u00f6tlemine on \u00f5iglane n\u00f5utades eelk\u00f5ige, et Kliendil oleks piisav teave ja informatsioon selle kohta, kuidas isikuandmeid t\u00f6\u00f6deldakse;<\/li>\n\n\n\n<li><strong>L\u00e4bipaistvus.<\/strong> Isikuandmete t\u00f6\u00f6tlemine on Kliendile l\u00e4bipaistev;<\/li>\n\n\n\n<li><strong>Eesm\u00e4rgip\u00e4rasus.<\/strong> Isikuandmeid kogutakse t\u00e4pselt ja selgelt kindlaksm\u00e4\u00e4ratud ning \u00f5igusp\u00e4rastel eesm\u00e4rkidel ning neid ei t\u00f6\u00f6delda hiljem viisil, mis on nende eesm\u00e4rkidega vastuolus;<\/li>\n\n\n\n<li>Isikuandmed on asjakohased, olulised ja piiratud sellega, mis on vajalik nende isikuandmete t\u00f6\u00f6tlemise eesm\u00e4rgi seisukohalt. Isikuandmete t\u00f6\u00f6tlemisel l\u00e4htub Arco minimaalse t\u00f6\u00f6tluse p\u00f5him\u00f5ttest ning kui isikuandmed ei ole vajalikud v\u00f5i ei ole enam vajalikud eesm\u00e4rgiks, miks need koguti, siis isikuandmed kustutatakse;<\/li>\n\n\n\n<li><strong>\u00d5igsus.<\/strong> Isikuandmed on \u00f5iged ja vajaduse korral ajakohastatud ning tarvitusele on v\u00f5etud k\u00f5ik m\u00f5istlikud meetmed, et isikuandmete t\u00f6\u00f6tlemise eesm\u00e4rgi seisukohast eba\u00f5iged isikuandmed kustutataks v\u00f5i parandataks viivitamatult;<\/li>\n\n\n\n<li><strong>S\u00e4ilitamise piirang.<\/strong> Isikuandmeid s\u00e4ilitatakse kujul, mis v\u00f5imaldab Kliendi tuvastada ainult seni, kuni see on vajalik selle eesm\u00e4rgi t\u00e4itmiseks, milleks isikuandmeid t\u00f6\u00f6deldakse. See t\u00e4hendab, et juhul kui Arco soovib hoida isikuandmeid kauem kui see on kogumise eesm\u00e4rgist tulenevalt vajalik, anon\u00fcmiseerib Arco andmed selliselt, et Klient ei ole enam tuvastatav;<\/li>\n\n\n\n<li><strong>Usaldusv\u00e4\u00e4rsus ja konfidentsiaalsus.<\/strong> Isikuandmete t\u00f6\u00f6tlemine toimub viisil, mis tagab isikuandmete asjakohase turvalisuse, sealhulgas kaitseb loata v\u00f5i ebaseadusliku t\u00f6\u00f6tlemise eest ning juhusliku kaotamise, h\u00e4vitamise v\u00f5i kahjustumise eest, kasutades m\u00f5istlikke tehnilisi v\u00f5i korralduslikke meetmeid;<\/li>\n\n\n\n<li><strong>Vaikimisi ja l\u00f5imitud andmekaitse.<\/strong> Arco tagab, et k\u00f5ik kasutatavad s\u00fcsteemid vastavad n\u00f5utavatele tehnilistele kriteeriumitele. Sobivad andmekaitse meetmed on kavandatud iga info- ja andmes\u00fcsteemi uuendamisel v\u00f5i disainimisel (nt on infos\u00fcsteemid ning \u00e4riprotsessid \u00fcles ehitatud l\u00e4htuvalt pseudon\u00fcmiseerimise ja kr\u00fcpteerimise eeldustest).<\/li>\n<\/ul>\n<\/div>\n\n<div class=\"block block-list gutters\">\n<ol start=\"9\" class=\"wp-block-list\">\n<li>Arco l\u00e4htub isikuandmete t\u00f6\u00f6tlemisel eesm\u00e4rgist, et on alati v\u00f5imeline eelnimetatud p\u00f5him\u00f5tete t\u00e4itmist t\u00f5endama ning nende p\u00f5him\u00f5tete j\u00e4rgimise kohta saab t\u00e4iendavat informatsiooni k\u00fcsida Arco andmekaitseametniku k\u00e4est (<a href=\"mailto:info@arcovara.com\">info@arcovara.com<\/a>).<\/li>\n<\/ol>\n<\/div>\n\n<div class=\"block block-heading gutters\">\n<h5 class=\"wp-block-heading\">Isikuandmete t\u00f6\u00f6tlemise eesm\u00e4rgid<\/h5>\n<\/div>\n\n<div class=\"block block-list gutters\">\n<ol start=\"10\" class=\"wp-block-list\">\n<li>Arco kogub Kliendi isikuandmeid allj\u00e4rgnevatel eesm\u00e4rkidel:<\/li>\n<\/ol>\n<\/div>\n\n<div class=\"block block-list gutters\">\n<ul class=\"wp-block-list\">\n<li>Teenuste osutamiseks Kliendile (sh maaklerteenus, hindamine, kinnisvaraalane konsultatsioon ning muud lisateenused);<\/li>\n\n\n\n<li>Lepingueelsete l\u00e4bir\u00e4\u00e4kimiste pidamiseks ja teenusest huvitatud Klientidega suhtluseks;<\/li>\n\n\n\n<li>Turundusliku sisuga teadete ja infokirjade edastamiseks Kliendile;<\/li>\n\n\n\n<li>Kliendi rahulolu uuringute, turuanal\u00fc\u00fcside ja statistika teostamiseks.<\/li>\n<\/ul>\n<\/div>\n\n<div class=\"block block-heading gutters\">\n<h5 class=\"wp-block-heading\">T\u00f6\u00f6deldavad isikuandmed<\/h5>\n<\/div>\n\n<div class=\"block block-list gutters\">\n<ol start=\"11\" class=\"wp-block-list\">\n<li>Arco t\u00f6\u00f6tleb allj\u00e4rgnevaid isikuandmeid:<\/li>\n<\/ol>\n<\/div>\n\n<div class=\"block block-list gutters\">\n<ul class=\"wp-block-list\">\n<li>punktides 1 ja 10.2 toodud juhtudel &#8211; Kliendi ees- ja perekonnanimi, aadress, ettev\u00f5te (vajadusel), telefoninumber, e-posti aadress, Kliendile kuuluvate kinnisasjade andmed, isikukood\/s\u00fcnniaeg, sugu;<\/li>\n\n\n\n<li>punktis 3 toodud juhtudel \u2013 Kliendi e-postiaadress, ees- ja perekonnanimi ja Kliendi asukoha info (maakonna tasemel);<\/li>\n<\/ul>\n<\/div>\n\n<div class=\"block block-heading gutters\">\n<h5 class=\"wp-block-heading\">Isikuandmete t\u00f6\u00f6tlemise \u00f5iguslik alus<\/h5>\n<\/div>\n\n<div class=\"block block-list gutters\">\n<ol start=\"12\" class=\"wp-block-list\">\n<li>Arco t\u00f6\u00f6tleb \u00fcldjuhul Kliendi andmeid seet\u00f5ttu, et see on vajalik Kliendi osalusel s\u00f5lmitud lepingu t\u00e4itmiseks (vt \u00fclal punkt 1) v\u00f5i lepingu s\u00f5lmimisele eelnevate meetmete v\u00f5tmiseks vastavalt Kliendi taotlusele (vt \u00fclal punkt 10.2). Sellisel juhul on andmete t\u00f6\u00f6tlemise \u00f5iguslikuks aluseks Kliendiga s\u00f5lmitud leping v\u00f5i Kliendi taotlus lepingueelsete l\u00e4bir\u00e4\u00e4kimiste pidamiseks.<\/li>\n\n\n\n<li>Arco t\u00f6\u00f6tleb Kliendi isikuandmeid turundusmaterjalide ja pakkumiste esitamise otstarbel vaid juhul kui Klient on selleks andnud enda n\u00f5usoleku (vt \u00fclal punkt 3). Sellisel juhul on andmete t\u00f6\u00f6tlemise \u00f5iguslikuks aluseks Kliendi antud n\u00f5usolek.<\/li>\n<\/ol>\n<\/div>\n\n<div class=\"block block-heading gutters\">\n<h5 class=\"wp-block-heading\">Isikuandmete edastamine kolmandatele isikutele<\/h5>\n<\/div>\n\n<div class=\"block block-list gutters\">\n<ol start=\"14\" class=\"wp-block-list\">\n<li>Arco ei edasta Kliendi isikuandmeid kolmandatele isikutele, v.a:<\/li>\n<\/ol>\n<\/div>\n\n<div class=\"block block-list gutters\">\n<ul class=\"wp-block-list\">\n<li>e-kirjade edastusteenuse pakkuja, juhtudel kui Arco edastab Kliendile turundusmaterjale ja pakkumisi;<\/li>\n\n\n\n<li>Arco ITK s\u00fcsteemide arendajale osas, milles see on vajalik Arco andmebaaside haldamiseks, teenuste osutamiseks ja suhtluseks;<\/li>\n\n\n\n<li>Arco Grupi teistele liikmetele (sh Arco Vara AS-le ja Arco Vara AS-i t\u00fctar\u00fchingutele), osas, milles see on vajalik kliendile teenuse osutamiseks.<\/li>\n<\/ul>\n<\/div>\n\n<div class=\"block block-list gutters\">\n<ol start=\"15\" class=\"wp-block-list\">\n<li>K\u00f5ik punktis 14 nimetatud volitatud t\u00f6\u00f6tlejad tagavad sama isikuandmete kaitse taseme nagu Arco.<\/li>\n<\/ol>\n<\/div>\n\n<div class=\"block block-heading gutters\">\n<h5 class=\"wp-block-heading\">Isikuandmete s\u00e4ilitamine<\/h5>\n<\/div>\n\n<div class=\"block block-list gutters\">\n<ol start=\"16\" class=\"wp-block-list\">\n<li>Kliendi isikuandmeid s\u00e4ilitatakse:<\/li>\n<\/ol>\n<\/div>\n\n<div class=\"block block-list gutters\">\n<ul class=\"wp-block-list\">\n<li>kuni 3 aastat p\u00e4rast lepingulise suhte l\u00f5ppemist, osas milles Arco t\u00f6\u00f6tleb Kliendi isikuandmeid Teenuse osutamisega seoses (vt \u00fclal punkt 1);<\/li>\n\n\n\n<li>kuni 3 aastat p\u00e4rast viimast kontakti Kliendiga, osas milles Arco t\u00f6\u00f6tleb Kliendi isikuandmeid seoses lepingueelsete l\u00e4bir\u00e4\u00e4kimiste pidamisega ja teenusest huvitatud Klientidega suhtlusega (vt \u00fclal punkt 2);<\/li>\n\n\n\n<li>t\u00e4htajatult kuni n\u00f5usoleku tagasiv\u00f5tmiseni Kliendi poolt osas, milles Arco t\u00f6\u00f6tleb isikuandmeid turundusmaterjalide ja pakkumiste edastamiseks (vt \u00fclal punkt 3);<\/li>\n<\/ul>\n<\/div>\n\n<div class=\"block block-heading gutters\">\n<h5 class=\"wp-block-heading\">Kliendi \u00f5igused isikuandmete t\u00f6\u00f6tlemisel<\/h5>\n<\/div>\n\n<div class=\"block block-list gutters\">\n<ol start=\"17\" class=\"wp-block-list\">\n<li>Kliendil on igal ajal \u00f5igus p\u00f6\u00f6rduda Arco andmekaitseametniku poole (<a href=\"mailto:info@arcovara.com\">info@arcovara.com<\/a>), et teostada enda seadusest tulenevaid \u00f5iguseid:<\/li>\n<\/ol>\n<\/div>\n\n<div class=\"block block-list gutters\">\n<ul class=\"wp-block-list\">\n<li>\u00f5igus taotleda juurdep\u00e4\u00e4su Kliendi kohta k\u00e4ivatele isikuandmetele;<\/li>\n\n\n\n<li>\u00f5igus n\u00f5uda andmete parandamist;<\/li>\n\n\n\n<li>\u00f5igus n\u00f5uda andmete kustutamist;<\/li>\n\n\n\n<li>\u00f5igus piirata isikuandmete t\u00f6\u00f6tlemist;<\/li>\n\n\n\n<li>\u00f5igus esitada vastuv\u00e4iteid isikuandmete t\u00f6\u00f6tlemisele;<\/li>\n\n\n\n<li>\u00f5igus n\u00f5uda isikuandmete \u00fclekandmist;<\/li>\n\n\n\n<li>\u00f5igus, et Kliendi kohta ei v\u00f5etaks vastu otsust, mis p\u00f5hineb automatiseeritud t\u00f6\u00f6tlusel;<\/li>\n\n\n\n<li>\u00f5igus n\u00f5usoleku tagasiv\u00f5tmisele;<\/li>\n\n\n\n<li>\u00f5igus esitada kaebus Andmekaitseinspektsioonile.<\/li>\n<\/ul>\n<\/div>\n\n<div class=\"block block-list gutters\">\n<ol start=\"18\" class=\"wp-block-list\">\n<li>Kui Klient on avaldanud soovi saada Arco uudiskirju ja\/v\u00f5i personaalseid pakkumisi, on Kliendil alati \u00f5igus nendest loobuda, vajutades iga pakkumise juures n\u00e4idatud vastavale lingile v\u00f5i saates vastavasisulise teavituse Arco andmekaitseametniku e-posti aadressile <a href=\"mailto:info@arcovara.com\">info@arcovara.com<\/a>.<\/li>\n<\/ol>\n<\/div>\n\n<div class=\"block block-heading gutters\">\n<h5 class=\"wp-block-heading\">K\u00fcpsised (cookies)<\/h5>\n<\/div>\n\n<div class=\"block block-paragraph gutters\"><section class=\"content-block content-text\"> <div class=\"container\">\n<p>Koduleht kasutab standartseid WordPressi poolt seatavaid k\u00fcpsiseid, mis on m\u00f5eldud parema kasutuskogemuse pakkumiseks.<\/p>\n<\/div><\/section><\/div>\n\n<div class=\"block block-paragraph gutters\"><section class=\"content-block content-text\"> <div class=\"container\">\n<p>K\u00fcpsis on v\u00e4ikesemahuline tekstifail, mille veebiserver saadab kasutaja veebilehitsejale ja mis salvestatakse kasutaja arvuti k\u00f5vakettale.<\/p>\n<\/div><\/section><\/div>\n\n<div class=\"block block-paragraph gutters\"><section class=\"content-block content-text\"> <div class=\"container\">\n<p>V\u00f5rgulehed kasutavad k\u00fcpsiseid, et pakkuda kasutajatele isikup\u00e4rasemat kasutuskogemust ja mugavamat v\u00f5rgulehel navigeerimist. N\u00e4iteks v\u00f5imaldavad k\u00fcpsised v\u00f5rgulehel meelde j\u00e4tta kasutaja eelistusi (keele valik). \u00dcldjuhul kasutatakse k\u00fcpsiseid statistiliste andmete kogumiseks, j\u00e4lgides kasutajate eelistusi v\u00f5rgulehtede k\u00fclastamisel.<\/p>\n<\/div><\/section><\/div>\n\n<div class=\"block block-paragraph gutters\"><section class=\"content-block content-text\"> <div class=\"container\">\n<p>Meie veebilehtede kasutajad loetakse k\u00fcpsistega n\u00f5ustunuks, kui nende veebilehitseja seadistustes on k\u00fcpsised lubatud. Soovi korral saate k\u00fcpsiste aktiveerimise oma veebibrauseris osaliselt v\u00f5i t\u00e4ielikult keelata.<\/p>\n<\/div><\/section><\/div>\n\n<div class=\"block block-paragraph gutters\"><section class=\"content-block content-text\"> <div class=\"container\">\n<p>Meie veebilehel v\u00f5ib olla kolmandatelt veebilehtedelt kuvatavat infot v\u00f5i linke teistele lehtedele, mida haldavad kolmandad ettev\u00f5tted, sealhulgas meile teenuseid pakkuvad ettev\u00f5tted ning muud kolmandad osapooled, sh sotsiaalmeedia lehek\u00fcljed nagu Google Analytics. Facebook ja YouTube. Seet\u00f5ttu, kui k\u00fclastate meie kodulehel suunatud sisuga lehte v\u00f5i klikite vastaval lingil, v\u00f5idakse teile kuvada infot koos k\u00fcpsistega kolmandatelt veebilehtedelt. Me ei kontrolli ega vastuta taoliste k\u00fcpsiste eest ning vastavate tingimuste selgitamiseks peate tutvuma kolmandate osapoolte k\u00fcpsiste (cookies) tingimustega.<\/p>\n<\/div><\/section><\/div>","protected":false},"excerpt":{"rendered":"<p>Vastutav t\u00f6\u00f6tleja ja andmekaitse ametnik Isikuandmete t\u00f6\u00f6tlemise p\u00f5him\u00f5tted Isikuandmete t\u00f6\u00f6tlemise eesm\u00e4rgid T\u00f6\u00f6deldavad isikuandmed Isikuandmete t\u00f6\u00f6tlemise \u00f5iguslik alus Isikuandmete edastamine kolmandatele isikutele Isikuandmete s\u00e4ilitamine Kliendi \u00f5igused isikuandmete t\u00f6\u00f6tlemisel K\u00fcpsised (cookies) Koduleht kasutab standartseid WordPressi poolt seatavaid k\u00fcpsiseid, mis on m\u00f5eldud parema kasutuskogemuse pakkumiseks. K\u00fcpsis on v\u00e4ikesemahuline tekstifail, mille veebiserver saadab kasutaja veebilehitsejale ja mis salvestatakse kasutaja [&hellip;]<\/p>\n","protected":false},"author":1,"featured_media":0,"parent":0,"menu_order":0,"comment_status":"closed","ping_status":"closed","template":"","meta":{"_acf_changed":false,"inline_featured_image":false,"footnotes":""},"class_list":["post-2715","page","type-page","status-publish","hentry"],"acf":[],"yoast_head":"<!-- This site is optimized with the Yoast SEO plugin v27.4 - https:\/\/yoast.com\/product\/yoast-seo-wordpress\/ -->\n<title>Andmekaitsetingimused - Arco Vara<\/title>\n<meta name=\"robots\" content=\"index, follow, max-snippet:-1, max-image-preview:large, max-video-preview:-1\" \/>\n<link rel=\"canonical\" href=\"https:\/\/arcovara.com\/en\/andmekaitsetingimused\/\" \/>\n<meta property=\"og:locale\" content=\"en_US\" \/>\n<meta property=\"og:type\" content=\"article\" \/>\n<meta property=\"og:title\" content=\"Andmekaitsetingimused - Arco Vara\" \/>\n<meta property=\"og:description\" content=\"Vastutav t\u00f6\u00f6tleja ja andmekaitse ametnik Isikuandmete t\u00f6\u00f6tlemise p\u00f5him\u00f5tted Isikuandmete t\u00f6\u00f6tlemise eesm\u00e4rgid T\u00f6\u00f6deldavad isikuandmed Isikuandmete t\u00f6\u00f6tlemise \u00f5iguslik alus Isikuandmete edastamine kolmandatele isikutele Isikuandmete s\u00e4ilitamine Kliendi \u00f5igused isikuandmete t\u00f6\u00f6tlemisel K\u00fcpsised (cookies) Koduleht kasutab standartseid WordPressi poolt seatavaid k\u00fcpsiseid, mis on m\u00f5eldud parema kasutuskogemuse pakkumiseks. K\u00fcpsis on v\u00e4ikesemahuline tekstifail, mille veebiserver saadab kasutaja veebilehitsejale ja mis salvestatakse kasutaja [&hellip;]\" \/>\n<meta property=\"og:url\" content=\"https:\/\/arcovara.com\/en\/andmekaitsetingimused\/\" \/>\n<meta property=\"og:site_name\" content=\"Arco Vara\" \/>\n<meta name=\"twitter:card\" content=\"summary_large_image\" \/>\n<meta name=\"twitter:label1\" content=\"Est. reading time\" \/>\n\t<meta name=\"twitter:data1\" content=\"6 minutes\" \/>\n<script type=\"application\/ld+json\" class=\"yoast-schema-graph\">{\"@context\":\"https:\\\/\\\/schema.org\",\"@graph\":[{\"@type\":\"WebPage\",\"@id\":\"https:\\\/\\\/arcovara.com\\\/en\\\/andmekaitsetingimused\\\/\",\"url\":\"https:\\\/\\\/arcovara.com\\\/en\\\/andmekaitsetingimused\\\/\",\"name\":\"Andmekaitsetingimused - Arco Vara\",\"isPartOf\":{\"@id\":\"https:\\\/\\\/arcovara.com\\\/#website\"},\"datePublished\":\"2024-10-31T14:50:28+00:00\",\"breadcrumb\":{\"@id\":\"https:\\\/\\\/arcovara.com\\\/en\\\/andmekaitsetingimused\\\/#breadcrumb\"},\"inLanguage\":\"en-US\",\"potentialAction\":[{\"@type\":\"ReadAction\",\"target\":[\"https:\\\/\\\/arcovara.com\\\/en\\\/andmekaitsetingimused\\\/\"]}]},{\"@type\":\"BreadcrumbList\",\"@id\":\"https:\\\/\\\/arcovara.com\\\/en\\\/andmekaitsetingimused\\\/#breadcrumb\",\"itemListElement\":[{\"@type\":\"ListItem\",\"position\":1,\"name\":\"Home\",\"item\":\"https:\\\/\\\/arcovara.com\\\/en\\\/\"},{\"@type\":\"ListItem\",\"position\":2,\"name\":\"Andmekaitsetingimused\"}]},{\"@type\":\"WebSite\",\"@id\":\"https:\\\/\\\/arcovara.com\\\/#website\",\"url\":\"https:\\\/\\\/arcovara.com\\\/\",\"name\":\"Arco Vara\",\"description\":\"\",\"publisher\":{\"@id\":\"https:\\\/\\\/arcovara.com\\\/#organization\"},\"potentialAction\":[{\"@type\":\"SearchAction\",\"target\":{\"@type\":\"EntryPoint\",\"urlTemplate\":\"https:\\\/\\\/arcovara.com\\\/?s={search_term_string}\"},\"query-input\":{\"@type\":\"PropertyValueSpecification\",\"valueRequired\":true,\"valueName\":\"search_term_string\"}}],\"inLanguage\":\"en-US\"},{\"@type\":\"Organization\",\"@id\":\"https:\\\/\\\/arcovara.com\\\/#organization\",\"name\":\"Arco Vara\",\"url\":\"https:\\\/\\\/arcovara.com\\\/\",\"logo\":{\"@type\":\"ImageObject\",\"inLanguage\":\"en-US\",\"@id\":\"https:\\\/\\\/arcovara.com\\\/#\\\/schema\\\/logo\\\/image\\\/\",\"url\":\"https:\\\/\\\/arcovara.com\\\/wp-content\\\/uploads\\\/2024\\\/10\\\/Arco-Vara_logo_8-1.png\",\"contentUrl\":\"https:\\\/\\\/arcovara.com\\\/wp-content\\\/uploads\\\/2024\\\/10\\\/Arco-Vara_logo_8-1.png\",\"width\":1440,\"height\":396,\"caption\":\"Arco Vara\"},\"image\":{\"@id\":\"https:\\\/\\\/arcovara.com\\\/#\\\/schema\\\/logo\\\/image\\\/\"}}]}<\/script>\n<!-- \/ Yoast SEO plugin. -->","yoast_head_json":{"title":"Andmekaitsetingimused - Arco Vara","robots":{"index":"index","follow":"follow","max-snippet":"max-snippet:-1","max-image-preview":"max-image-preview:large","max-video-preview":"max-video-preview:-1"},"canonical":"https:\/\/arcovara.com\/en\/andmekaitsetingimused\/","og_locale":"en_US","og_type":"article","og_title":"Andmekaitsetingimused - Arco Vara","og_description":"Vastutav t\u00f6\u00f6tleja ja andmekaitse ametnik Isikuandmete t\u00f6\u00f6tlemise p\u00f5him\u00f5tted Isikuandmete t\u00f6\u00f6tlemise eesm\u00e4rgid T\u00f6\u00f6deldavad isikuandmed Isikuandmete t\u00f6\u00f6tlemise \u00f5iguslik alus Isikuandmete edastamine kolmandatele isikutele Isikuandmete s\u00e4ilitamine Kliendi \u00f5igused isikuandmete t\u00f6\u00f6tlemisel K\u00fcpsised (cookies) Koduleht kasutab standartseid WordPressi poolt seatavaid k\u00fcpsiseid, mis on m\u00f5eldud parema kasutuskogemuse pakkumiseks. K\u00fcpsis on v\u00e4ikesemahuline tekstifail, mille veebiserver saadab kasutaja veebilehitsejale ja mis salvestatakse kasutaja [&hellip;]","og_url":"https:\/\/arcovara.com\/en\/andmekaitsetingimused\/","og_site_name":"Arco Vara","twitter_card":"summary_large_image","twitter_misc":{"Est. reading time":"6 minutes"},"schema":{"@context":"https:\/\/schema.org","@graph":[{"@type":"WebPage","@id":"https:\/\/arcovara.com\/en\/andmekaitsetingimused\/","url":"https:\/\/arcovara.com\/en\/andmekaitsetingimused\/","name":"Andmekaitsetingimused - Arco Vara","isPartOf":{"@id":"https:\/\/arcovara.com\/#website"},"datePublished":"2024-10-31T14:50:28+00:00","breadcrumb":{"@id":"https:\/\/arcovara.com\/en\/andmekaitsetingimused\/#breadcrumb"},"inLanguage":"en-US","potentialAction":[{"@type":"ReadAction","target":["https:\/\/arcovara.com\/en\/andmekaitsetingimused\/"]}]},{"@type":"BreadcrumbList","@id":"https:\/\/arcovara.com\/en\/andmekaitsetingimused\/#breadcrumb","itemListElement":[{"@type":"ListItem","position":1,"name":"Home","item":"https:\/\/arcovara.com\/en\/"},{"@type":"ListItem","position":2,"name":"Andmekaitsetingimused"}]},{"@type":"WebSite","@id":"https:\/\/arcovara.com\/#website","url":"https:\/\/arcovara.com\/","name":"Arco Vara","description":"","publisher":{"@id":"https:\/\/arcovara.com\/#organization"},"potentialAction":[{"@type":"SearchAction","target":{"@type":"EntryPoint","urlTemplate":"https:\/\/arcovara.com\/?s={search_term_string}"},"query-input":{"@type":"PropertyValueSpecification","valueRequired":true,"valueName":"search_term_string"}}],"inLanguage":"en-US"},{"@type":"Organization","@id":"https:\/\/arcovara.com\/#organization","name":"Arco Vara","url":"https:\/\/arcovara.com\/","logo":{"@type":"ImageObject","inLanguage":"en-US","@id":"https:\/\/arcovara.com\/#\/schema\/logo\/image\/","url":"https:\/\/arcovara.com\/wp-content\/uploads\/2024\/10\/Arco-Vara_logo_8-1.png","contentUrl":"https:\/\/arcovara.com\/wp-content\/uploads\/2024\/10\/Arco-Vara_logo_8-1.png","width":1440,"height":396,"caption":"Arco Vara"},"image":{"@id":"https:\/\/arcovara.com\/#\/schema\/logo\/image\/"}}]}},"_links":{"self":[{"href":"https:\/\/arcovara.com\/en\/wp-json\/wp\/v2\/pages\/2715","targetHints":{"allow":["GET"]}}],"collection":[{"href":"https:\/\/arcovara.com\/en\/wp-json\/wp\/v2\/pages"}],"about":[{"href":"https:\/\/arcovara.com\/en\/wp-json\/wp\/v2\/types\/page"}],"author":[{"embeddable":true,"href":"https:\/\/arcovara.com\/en\/wp-json\/wp\/v2\/users\/1"}],"replies":[{"embeddable":true,"href":"https:\/\/arcovara.com\/en\/wp-json\/wp\/v2\/comments?post=2715"}],"version-history":[{"count":0,"href":"https:\/\/arcovara.com\/en\/wp-json\/wp\/v2\/pages\/2715\/revisions"}],"wp:attachment":[{"href":"https:\/\/arcovara.com\/en\/wp-json\/wp\/v2\/media?parent=2715"}],"curies":[{"name":"wp","href":"https:\/\/api.w.org\/{rel}","templated":true}]}}